{"id":1466,"date":"2021-06-16T16:53:14","date_gmt":"2021-06-16T14:53:14","guid":{"rendered":"https:\/\/www.paris-hotel-des-nations-st-germain.com\/legal-notice\/"},"modified":"2023-07-11T13:18:46","modified_gmt":"2023-07-11T11:18:46","slug":"legal-notice","status":"publish","type":"page","link":"https:\/\/www.paris-hotel-des-nations-st-germain.com\/en\/legal-notice\/","title":{"rendered":"Legal Notice"},"content":{"rendered":"\t\t<div data-elementor-type=\"wp-page\" data-elementor-id=\"1466\" class=\"elementor elementor-1466 elementor-1287\">\n\t\t\t\t\t\t<section class=\"elementor-section elementor-top-section elementor-element elementor-element-e2e9c98 elementor-section-boxed elementor-section-height-default elementor-section-height-default wpr-particle-no wpr-jarallax-no wpr-parallax-no wpr-sticky-section-no\" data-id=\"e2e9c98\" data-element_type=\"section\" data-e-type=\"section\">\n\t\t\t\t\t\t<div class=\"elementor-container elementor-column-gap-default\">\n\t\t\t\t\t<div class=\"elementor-column elementor-col-100 elementor-top-column elementor-element elementor-element-560c6b7\" data-id=\"560c6b7\" data-element_type=\"column\" data-e-type=\"column\">\n\t\t\t<div class=\"elementor-widget-wrap elementor-element-populated\">\n\t\t\t\t\t\t<div class=\"elementor-element elementor-element-edea1ab elementor-widget elementor-widget-heading\" data-id=\"edea1ab\" data-element_type=\"widget\" data-e-type=\"widget\" data-widget_type=\"heading.default\">\n\t\t\t\t<div class=\"elementor-widget-container\">\n\t\t\t\t\t<h2 class=\"elementor-heading-title elementor-size-default\">Legal Notice<\/h2>\t\t\t\t<\/div>\n\t\t\t\t<\/div>\n\t\t\t\t<div class=\"elementor-element elementor-element-dbcb38f elementor-widget elementor-widget-heading\" data-id=\"dbcb38f\" data-element_type=\"widget\" data-e-type=\"widget\" data-widget_type=\"heading.default\">\n\t\t\t\t<div class=\"elementor-widget-container\">\n\t\t\t\t\t<h2 class=\"elementor-heading-title elementor-size-default\">H\u00f4tel des nations saint germain<\/h2>\t\t\t\t<\/div>\n\t\t\t\t<\/div>\n\t\t\t\t\t<\/div>\n\t\t<\/div>\n\t\t\t\t\t<\/div>\n\t\t<\/section>\n\t\t\t\t<section class=\"elementor-section elementor-top-section elementor-element elementor-element-baea517 elementor-section-boxed elementor-section-height-default elementor-section-height-default wpr-particle-no wpr-jarallax-no wpr-parallax-no wpr-sticky-section-no\" data-id=\"baea517\" data-element_type=\"section\" data-e-type=\"section\">\n\t\t\t\t\t\t<div class=\"elementor-container elementor-column-gap-default\">\n\t\t\t\t\t<div class=\"elementor-column elementor-col-100 elementor-top-column elementor-element elementor-element-44c6244\" data-id=\"44c6244\" data-element_type=\"column\" data-e-type=\"column\">\n\t\t\t<div class=\"elementor-widget-wrap elementor-element-populated\">\n\t\t\t\t\t\t<div class=\"elementor-element elementor-element-62498fd elementor-widget elementor-widget-heading\" data-id=\"62498fd\" data-element_type=\"widget\" data-e-type=\"widget\" data-widget_type=\"heading.default\">\n\t\t\t\t<div class=\"elementor-widget-container\">\n\t\t\t\t\t<h3 class=\"elementor-heading-title elementor-size-xl\">editor<\/h3>\t\t\t\t<\/div>\n\t\t\t\t<\/div>\n\t\t\t\t<div class=\"elementor-element elementor-element-5a55bb4 elementor-widget elementor-widget-text-editor\" data-id=\"5a55bb4\" data-element_type=\"widget\" data-e-type=\"widget\" data-widget_type=\"text-editor.default\">\n\t\t\t\t<div class=\"elementor-widget-container\">\n\t\t\t\t\t\t\t\t\t<p data-cms-69456603fc3d56e01f=\"\">Si\u00e8ge social : H\u00f4tel des Nations Saint Germain<br \/>\nAdresse : 54 rue Monge &#8211; 75005 Paris &#8211; France<br \/>\nT\u00e9l : +33 (0)1 45 22 21 64<br \/>\nCourriel : reservation@nsgparis.com<\/p>\n<p data-cms-69728603fc3d56e069=\"\">SAS HOTEL DES NATIONS STE AME au capital de 45720\u20ac<br \/>\nRCS 303995930 \u2013 TVA FR10303995930<\/p>\n\t\t\t\t\t\t\t\t<\/div>\n\t\t\t\t<\/div>\n\t\t\t\t\t<\/div>\n\t\t<\/div>\n\t\t\t\t\t<\/div>\n\t\t<\/section>\n\t\t\t\t<section class=\"elementor-section elementor-top-section elementor-element elementor-element-0d47fc2 elementor-section-boxed elementor-section-height-default elementor-section-height-default wpr-particle-no wpr-jarallax-no wpr-parallax-no wpr-sticky-section-no\" data-id=\"0d47fc2\" data-element_type=\"section\" data-e-type=\"section\">\n\t\t\t\t\t\t<div class=\"elementor-container elementor-column-gap-default\">\n\t\t\t\t\t<div class=\"elementor-column elementor-col-100 elementor-top-column elementor-element elementor-element-c349372\" data-id=\"c349372\" data-element_type=\"column\" data-e-type=\"column\">\n\t\t\t<div class=\"elementor-widget-wrap elementor-element-populated\">\n\t\t\t\t\t\t<div class=\"elementor-element elementor-element-68ae734 elementor-widget elementor-widget-heading\" data-id=\"68ae734\" data-element_type=\"widget\" data-e-type=\"widget\" data-widget_type=\"heading.default\">\n\t\t\t\t<div class=\"elementor-widget-container\">\n\t\t\t\t\t<h3 class=\"elementor-heading-title elementor-size-xl\">Hosting<\/h3>\t\t\t\t<\/div>\n\t\t\t\t<\/div>\n\t\t\t\t<div class=\"elementor-element elementor-element-6af62b1 elementor-widget elementor-widget-text-editor\" data-id=\"6af62b1\" data-element_type=\"widget\" data-e-type=\"widget\" data-widget_type=\"text-editor.default\">\n\t\t\t\t<div class=\"elementor-widget-container\">\n\t\t\t\t\t\t\t\t\t<p>OVH &#8211; Soci\u00e9t\u00e9 \u00e0 Responsabilit\u00e9 Limit\u00e9e (SARL)<br \/>\nSIRET : 424 761 419 00011<br \/>\nAdresse :\u00a0 2 rue Kellermann &#8211; 59100 Roubaix &#8211; France.<br \/>\nSite designs: <a href=\"https:\/\/www.sitea.fr\/\" target=\"_blank\" rel=\"noopener\">sitea.fr<\/a><\/p>\n\t\t\t\t\t\t\t\t<\/div>\n\t\t\t\t<\/div>\n\t\t\t\t<div class=\"elementor-element elementor-element-84df134 elementor-widget elementor-widget-text-editor\" data-id=\"84df134\" data-element_type=\"widget\" data-e-type=\"widget\" data-widget_type=\"text-editor.default\">\n\t\t\t\t<div class=\"elementor-widget-container\">\n\t\t\t\t\t\t\t\t\t<p>The site presents:<\/p>\n<p>Informative content<\/p>\n<p>Data Protection Act:<\/p>\n<p>The site is exempt from declaration to the Commission Nationale Informatique et Libert\u00e9s (CNIL) insofar as it does not collect any data concerning users.<\/p>\n<p>Ownership: The site and the information it contains are protected by French intellectual property law and by international conventions.<\/p>\n<p>Any use, reproduction, distribution, marketing, modification of all or part of the paris-hotel-des-nations-st-germain.com site, without the Publisher&#8217;s authorization is prohibited and may result in legal action and prosecution as provided in particular. by the Intellectual Property Code and the Civil Code.<\/p>\n\t\t\t\t\t\t\t\t<\/div>\n\t\t\t\t<\/div>\n\t\t\t\t<div class=\"elementor-element elementor-element-12653ff elementor-widget elementor-widget-text-editor\" data-id=\"12653ff\" data-element_type=\"widget\" data-e-type=\"widget\" data-widget_type=\"text-editor.default\">\n\t\t\t\t<div class=\"elementor-widget-container\">\n\t\t\t\t\t\t\t\t\t<p>The User is informed that during his visits to the site, a cookie may be automatically installed on his browser software.<\/p>\n<p>A cookie is an element that does not identify the User but is used to record information relating to the user&#8217;s navigation on the website. The User may deactivate this cookie through the parameters appearing in his browser software.<\/p>\n<p>More information on the cookie page: <a href=\"https:\/\/www.paris-hotel-des-nations-st-germain.com\/en\/cookies-policy\/\">Cookie policies<\/a><\/p>\n<p>After contacting Customer Service and failing a satisfactory response within 60 days, In accordance with the provisions of the Consumer Code, the customer has the right to use the mediation service offered by our hotel free of charge. The proposed consumer mediator is the AME.<\/p>\n<p>It can be entered:<\/p>\n<p>&#8211; by Internet: www.mediationconso-ame.com;<\/p>\n<p>&#8211; or by post (by completing the form available on the website): Consumer mediation AME- 197 Boulevard Saint-Germain &#8211; 75007 PARIS \u00bb<\/p>\n<p>To stop receiving unsolicited commercial telephone calls, you can subscribe to the Bloctel list: https:\/\/www.bloctel.gouv.fr\/<\/p>\n\t\t\t\t\t\t\t\t<\/div>\n\t\t\t\t<\/div>\n\t\t\t\t\t<\/div>\n\t\t<\/div>\n\t\t\t\t\t<\/div>\n\t\t<\/section>\n\t\t\t\t<\/div>\n\t\t","protected":false},"excerpt":{"rendered":"<p>Legal Notice H\u00f4tel des nations saint germain editor Si\u00e8ge social : H\u00f4tel des Nations Saint Germain Adresse : 54 rue Monge &#8211; 75005 Paris &#8211; France T\u00e9l : +33 (0)1 45 22 21 64 Courriel : reservation@nsgparis.com SAS HOTEL DES NATIONS STE AME au capital de 45720\u20ac RCS 303995930 \u2013 TVA FR10303995930 Hosting OVH &#8211; Soci\u00e9t\u00e9 \u00e0 Responsabilit\u00e9 Limit\u00e9e (SARL) SIRET : 424 761 419 00011 Adresse :\u00a0 2 rue Kellermann &#8211; 59100 Roubaix &#8211; France. Site designs: sitea.fr The site presents: Informative content Data Protection Act: The site is exempt from declaration to the Commission Nationale Informatique et Libert\u00e9s (CNIL) insofar as it does not collect any data concerning users. Ownership: The site and the information it contains are protected by French intellectual property law and by international conventions. Any use, reproduction, distribution, marketing, modification of all or part of the paris-hotel-des-nations-st-germain.com site, without the Publisher&#8217;s authorization is prohibited and may result in legal action and prosecution as provided in particular. by the Intellectual Property Code and the Civil Code. The User is informed that during his visits to the site, a cookie may be automatically installed on his browser software. A cookie is an element that does not identify the User but is used to record information relating to the user&#8217;s navigation on the website. The User may deactivate this cookie through the parameters appearing in his browser software. More information on the cookie page: Cookie policies After contacting Customer Service and failing a satisfactory response within 60 days, In accordance with the provisions of the Consumer Code, the customer has the right to use the mediation service offered by our hotel free of charge. The proposed consumer mediator is the AME. It can be entered: &#8211; by Internet: www.mediationconso-ame.com; &#8211; or by post (by completing the form available on the website): Consumer mediation AME- 197 Boulevard Saint-Germain &#8211; 75007 PARIS \u00bb To stop receiving unsolicited commercial telephone calls, you can subscribe to the Bloctel list: https:\/\/www.bloctel.gouv.fr\/<\/p>\n","protected":false},"author":1,"featured_media":0,"parent":0,"menu_order":0,"comment_status":"closed","ping_status":"closed","template":"page-templates\/template-pagebuilder-full-width.php","meta":{"neve_meta_sidebar":"full-width","neve_meta_container":"","neve_meta_enable_content_width":"on","neve_meta_content_width":100,"neve_meta_title_alignment":"","neve_meta_author_avatar":"","neve_post_elements_order":"","neve_meta_disable_header":"","neve_meta_disable_footer":"","neve_meta_disable_title":"on","footnotes":""},"class_list":["post-1466","page","type-page","status-publish","hentry"],"_links":{"self":[{"href":"https:\/\/www.paris-hotel-des-nations-st-germain.com\/en\/wp-json\/wp\/v2\/pages\/1466","targetHints":{"allow":["GET"]}}],"collection":[{"href":"https:\/\/www.paris-hotel-des-nations-st-germain.com\/en\/wp-json\/wp\/v2\/pages"}],"about":[{"href":"https:\/\/www.paris-hotel-des-nations-st-germain.com\/en\/wp-json\/wp\/v2\/types\/page"}],"author":[{"embeddable":true,"href":"https:\/\/www.paris-hotel-des-nations-st-germain.com\/en\/wp-json\/wp\/v2\/users\/1"}],"replies":[{"embeddable":true,"href":"https:\/\/www.paris-hotel-des-nations-st-germain.com\/en\/wp-json\/wp\/v2\/comments?post=1466"}],"version-history":[{"count":2,"href":"https:\/\/www.paris-hotel-des-nations-st-germain.com\/en\/wp-json\/wp\/v2\/pages\/1466\/revisions"}],"predecessor-version":[{"id":7510,"href":"https:\/\/www.paris-hotel-des-nations-st-germain.com\/en\/wp-json\/wp\/v2\/pages\/1466\/revisions\/7510"}],"wp:attachment":[{"href":"https:\/\/www.paris-hotel-des-nations-st-germain.com\/en\/wp-json\/wp\/v2\/media?parent=1466"}],"curies":[{"name":"wp","href":"https:\/\/api.w.org\/{rel}","templated":true}]}}