{"id":1598,"date":"2021-08-05T14:59:16","date_gmt":"2021-08-05T12:59:16","guid":{"rendered":"https:\/\/www.paris-hotel-des-nations-st-germain.com\/%e6%b3%95%e5%be%8b%e5%a3%b0%e6%98%8e\/"},"modified":"2023-07-11T13:17:59","modified_gmt":"2023-07-11T11:17:59","slug":"%e6%b3%95%e5%be%8b%e5%a3%b0%e6%98%8e","status":"publish","type":"page","link":"https:\/\/www.paris-hotel-des-nations-st-germain.com\/zh-hans\/%e6%b3%95%e5%be%8b%e5%a3%b0%e6%98%8e\/","title":{"rendered":"\u6cd5\u5f8b\u58f0\u660e"},"content":{"rendered":"\t\t<div data-elementor-type=\"wp-page\" data-elementor-id=\"1598\" class=\"elementor elementor-1598 elementor-1287\">\n\t\t\t\t\t\t<section class=\"elementor-section elementor-top-section elementor-element elementor-element-e2e9c98 elementor-section-boxed elementor-section-height-default elementor-section-height-default wpr-particle-no wpr-jarallax-no wpr-parallax-no wpr-sticky-section-no\" data-id=\"e2e9c98\" data-element_type=\"section\" data-e-type=\"section\">\n\t\t\t\t\t\t<div class=\"elementor-container elementor-column-gap-default\">\n\t\t\t\t\t<div class=\"elementor-column elementor-col-100 elementor-top-column elementor-element elementor-element-560c6b7\" data-id=\"560c6b7\" data-element_type=\"column\" data-e-type=\"column\">\n\t\t\t<div class=\"elementor-widget-wrap elementor-element-populated\">\n\t\t\t\t\t\t<div class=\"elementor-element elementor-element-edea1ab elementor-widget elementor-widget-heading\" data-id=\"edea1ab\" data-element_type=\"widget\" data-e-type=\"widget\" data-widget_type=\"heading.default\">\n\t\t\t\t<div class=\"elementor-widget-container\">\n\t\t\t\t\t<h2 class=\"elementor-heading-title elementor-size-default\">\u6cd5\u5f8b\u58f0\u660e<\/h2>\t\t\t\t<\/div>\n\t\t\t\t<\/div>\n\t\t\t\t<div class=\"elementor-element elementor-element-dbcb38f elementor-widget elementor-widget-heading\" data-id=\"dbcb38f\" data-element_type=\"widget\" data-e-type=\"widget\" data-widget_type=\"heading.default\">\n\t\t\t\t<div class=\"elementor-widget-container\">\n\t\t\t\t\t<h2 class=\"elementor-heading-title elementor-size-default\">\u5723\u65e5\u8033\u66fc\u4e07\u56fd\u9152\u5e97<\/h2>\t\t\t\t<\/div>\n\t\t\t\t<\/div>\n\t\t\t\t\t<\/div>\n\t\t<\/div>\n\t\t\t\t\t<\/div>\n\t\t<\/section>\n\t\t\t\t<section class=\"elementor-section elementor-top-section elementor-element elementor-element-baea517 elementor-section-boxed elementor-section-height-default elementor-section-height-default wpr-particle-no wpr-jarallax-no wpr-parallax-no wpr-sticky-section-no\" data-id=\"baea517\" data-element_type=\"section\" data-e-type=\"section\">\n\t\t\t\t\t\t<div class=\"elementor-container elementor-column-gap-default\">\n\t\t\t\t\t<div class=\"elementor-column elementor-col-100 elementor-top-column elementor-element elementor-element-44c6244\" data-id=\"44c6244\" data-element_type=\"column\" data-e-type=\"column\">\n\t\t\t<div class=\"elementor-widget-wrap elementor-element-populated\">\n\t\t\t\t\t\t<div class=\"elementor-element elementor-element-62498fd elementor-widget elementor-widget-heading\" data-id=\"62498fd\" data-element_type=\"widget\" data-e-type=\"widget\" data-widget_type=\"heading.default\">\n\t\t\t\t<div class=\"elementor-widget-container\">\n\t\t\t\t\t<h3 class=\"elementor-heading-title elementor-size-xl\">\u7f16\u8f91<\/h3>\t\t\t\t<\/div>\n\t\t\t\t<\/div>\n\t\t\t\t<div class=\"elementor-element elementor-element-5a55bb4 elementor-widget elementor-widget-text-editor\" data-id=\"5a55bb4\" data-element_type=\"widget\" data-e-type=\"widget\" data-widget_type=\"text-editor.default\">\n\t\t\t\t<div class=\"elementor-widget-container\">\n\t\t\t\t\t\t\t\t\t<p data-cms-69456603fc3d56e01f=\"\">Si\u00e8ge social : H\u00f4tel des Nations Saint Germain<br \/>\nAdresse : 54 rue Monge &#8211; 75005 Paris &#8211; France<br \/>\nT\u00e9l : +33 (0)1 45 22 21 64<br \/>\nCourriel : reservation@nsgparis.com<\/p>\n<p data-cms-69728603fc3d56e069=\"\">SAS HOTEL DES NATIONS STE AME au capital de 45720\u20ac<br \/>\nRCS 303995930 \u2013 TVA FR10303995930<\/p>\n\t\t\t\t\t\t\t\t<\/div>\n\t\t\t\t<\/div>\n\t\t\t\t\t<\/div>\n\t\t<\/div>\n\t\t\t\t\t<\/div>\n\t\t<\/section>\n\t\t\t\t<section class=\"elementor-section elementor-top-section elementor-element elementor-element-0d47fc2 elementor-section-boxed elementor-section-height-default elementor-section-height-default wpr-particle-no wpr-jarallax-no wpr-parallax-no wpr-sticky-section-no\" data-id=\"0d47fc2\" data-element_type=\"section\" data-e-type=\"section\">\n\t\t\t\t\t\t<div class=\"elementor-container elementor-column-gap-default\">\n\t\t\t\t\t<div class=\"elementor-column elementor-col-100 elementor-top-column elementor-element elementor-element-c349372\" data-id=\"c349372\" data-element_type=\"column\" data-e-type=\"column\">\n\t\t\t<div class=\"elementor-widget-wrap elementor-element-populated\">\n\t\t\t\t\t\t<div class=\"elementor-element elementor-element-68ae734 elementor-widget elementor-widget-heading\" data-id=\"68ae734\" data-element_type=\"widget\" data-e-type=\"widget\" data-widget_type=\"heading.default\">\n\t\t\t\t<div class=\"elementor-widget-container\">\n\t\t\t\t\t<h3 class=\"elementor-heading-title elementor-size-xl\">\u4f4f\u5bbf<\/h3>\t\t\t\t<\/div>\n\t\t\t\t<\/div>\n\t\t\t\t<div class=\"elementor-element elementor-element-6af62b1 elementor-widget elementor-widget-text-editor\" data-id=\"6af62b1\" data-element_type=\"widget\" data-e-type=\"widget\" data-widget_type=\"text-editor.default\">\n\t\t\t\t<div class=\"elementor-widget-container\">\n\t\t\t\t\t\t\t\t\t<p>OVH &#8211; Soci\u00e9t\u00e9 \u00e0 Responsabilit\u00e9 Limit\u00e9e (SARL)<br \/>\nSIRET : 424 761 419 00011<br \/>\nAdresse :\u00a0 2 rue Kellermann &#8211; 59100 Roubaix &#8211; France.<br \/>\nConceptions du site : <a href=\"https:\/\/www.sitea.fr\/\" target=\"_blank\" rel=\"noopener\">sitea.fr<\/a><\/p>\n\t\t\t\t\t\t\t\t<\/div>\n\t\t\t\t<\/div>\n\t\t\t\t<div class=\"elementor-element elementor-element-84df134 elementor-widget elementor-widget-text-editor\" data-id=\"84df134\" data-element_type=\"widget\" data-e-type=\"widget\" data-widget_type=\"text-editor.default\">\n\t\t\t\t<div class=\"elementor-widget-container\">\n\t\t\t\t\t\t\t\t\t<p>\u8be5\u7f51\u7ad9\u4ecb\u7ecd\uff1a<\/p>\n<p>\u4fe1\u606f\u6027\u5185\u5bb9<\/p>\n<p>\u6570\u636e\u4fdd\u62a4\u6cd5\uff1a<\/p>\n<p>\u8be5\u7f51\u7ad9\u65e0\u9700\u5411\u56fd\u5bb6\u4fe1\u606f\u4e0e\u81ea\u7531\u59d4\u5458\u4f1a (CNIL) \u7533\u62a5\uff0c\u56e0\u4e3a\u5b83\u4e0d\u6536\u96c6\u4efb\u4f55\u6709\u5173\u7528\u6237\u7684\u6570\u636e\u3002<\/p>\n<p>\u6240\u6709\u6743\uff1a \u672c\u7f51\u7ad9\u53ca\u5176\u5305\u542b\u7684\u4fe1\u606f\u53d7\u6cd5\u56fd\u77e5\u8bc6\u4ea7\u6743\u6cd5\u548c\u56fd\u9645\u516c\u7ea6\u7684\u4fdd\u62a4\u3002<\/p>\n<p>\u672a\u7ecf\u51fa\u7248\u5546\u6388\u6743\uff0c\u7981\u6b62\u4f7f\u7528\u3001\u590d\u5236\u3001\u5206\u53d1\u3001\u8425\u9500\u3001\u4fee\u6539 paris-hotel-des-nations-st-germain.com \u7f51\u7ad9\u7684\u5168\u90e8\u6216\u90e8\u5206\u5185\u5bb9\uff0c\u5e76\u53ef\u80fd\u5bfc\u81f4\u7279\u522b\u89c4\u5b9a\u7684\u6cd5\u5f8b\u8bc9\u8bbc\u548c\u8d77\u8bc9\u3002\u7531\u77e5\u8bc6\u4ea7\u6743\u6cd5\u548c\u6c11\u6cd5\u5178\u3002<\/p>\n\t\t\t\t\t\t\t\t<\/div>\n\t\t\t\t<\/div>\n\t\t\t\t<div class=\"elementor-element elementor-element-12653ff elementor-widget elementor-widget-text-editor\" data-id=\"12653ff\" data-element_type=\"widget\" data-e-type=\"widget\" data-widget_type=\"text-editor.default\">\n\t\t\t\t<div class=\"elementor-widget-container\">\n\t\t\t\t\t\t\t\t\t<p>\u7528\u6237\u88ab\u544a\u77e5\uff0c\u5728\u8bbf\u95ee\u7f51\u7ad9\u671f\u95f4\uff0ccookie \u53ef\u80fd\u4f1a\u81ea\u52a8\u5b89\u88c5\u5728\u5176\u6d4f\u89c8\u5668\u8f6f\u4ef6\u4e0a\u3002<\/p>\n<p>cookie \u662f\u4e00\u79cd\u65e0\u6cd5\u8bc6\u522b\u7528\u6237\u8eab\u4efd\u4f46\u7528\u4e8e\u8bb0\u5f55\u4e0e\u7528\u6237\u5728\u7f51\u7ad9\u4e0a\u5bfc\u822a\u76f8\u5173\u7684\u4fe1\u606f\u7684\u5143\u7d20\u3002\u7528\u6237\u53ef\u4ee5\u901a\u8fc7\u5176\u6d4f\u89c8\u5668\u8f6f\u4ef6\u4e2d\u663e\u793a\u7684\u53c2\u6570\u505c\u7528\u6b64 cookie\u3002<\/p>\n<p>\u6709\u5173 Cookie \u9875\u9762\u7684\u66f4\u591a\u4fe1\u606f\uff1aCookie \u653f\u7b56<\/p>\n<pre id=\"tw-target-text\" class=\"tw-data-text tw-text-large tw-ta\" dir=\"ltr\" data-placeholder=\"Traduction\"><span class=\"Y2IQFc\" lang=\"zh-CN\">\u8054\u7cfb\u5ba2\u6237\u670d\u52a1\u90e8\u540e60\u5929\u5185\u672a\u5f97\u5230\u6ee1\u610f\u7b54\u590d\u540e\uff0c\u6839\u636e\u300a\u6d88\u8d39\u8005\u6cd5\u300b\u7684\u89c4\u5b9a\uff0c\u987e\u5ba2\u6709\u6743\u514d\u8d39\u4f7f\u7528\u6211\u4eec\u9152\u5e97\u63d0\u4f9b\u7684\u8c03\u89e3\u670d\u52a1\u3002\u62df\u8bae\u7684\u6d88\u8d39\u8005\u8c03\u89e3\u5458\u662f AME\u3002\r\n\r\n\u53ef\u4ee5\u8f93\u5165\uff1a\r\n\r\n- \u901a\u8fc7\u4e92\u8054\u7f51\uff1awww.mediationconso-ame.com\uff1b\r\n\r\n- \u6216\u90ae\u5bc4\uff08\u586b\u5199\u7f51\u7ad9\u4e0a\u63d0\u4f9b\u7684\u8868\u683c\uff09\uff1a\u6d88\u8d39\u8005\u8c03\u89e3 AME- 197 Boulevard Saint-Germain - 75007 PARIS \u00bb\r\n\r\n\u8981\u505c\u6b62\u63a5\u6536\u672a\u7ecf\u8bf7\u6c42\u7684\u5546\u4e1a\u7535\u8bdd\uff0c\u60a8\u53ef\u4ee5\u8ba2\u9605 Bloctel \u5217\u8868\uff1ahttps:\/\/www.bloctel.gouv.fr\/<\/span><\/pre>\n\t\t\t\t\t\t\t\t<\/div>\n\t\t\t\t<\/div>\n\t\t\t\t\t<\/div>\n\t\t<\/div>\n\t\t\t\t\t<\/div>\n\t\t<\/section>\n\t\t\t\t<\/div>\n\t\t","protected":false},"excerpt":{"rendered":"<p>\u6cd5\u5f8b\u58f0\u660e \u5723\u65e5\u8033\u66fc\u4e07\u56fd\u9152\u5e97 \u7f16\u8f91 Si\u00e8ge social : H\u00f4tel des Nations Saint Germain Adresse : 54 rue Monge &#8211; 75005 Paris &#8211; France T\u00e9l : +33 (0)1 45 22 21 64 Courriel : reservation@nsgparis.com SAS HOTEL DES NATIONS STE AME au capital de 45720\u20ac RCS 303995930 \u2013 TVA FR10303995930 \u4f4f\u5bbf OVH &#8211; Soci\u00e9t\u00e9 \u00e0 Responsabilit\u00e9 Limit\u00e9e (SARL) SIRET : 424 761 419 00011 Adresse :\u00a0 2 rue Kellermann &#8211; 59100 Roubaix &#8211; France. Conceptions du site : sitea.fr \u8be5\u7f51\u7ad9\u4ecb\u7ecd\uff1a \u4fe1\u606f\u6027\u5185\u5bb9 \u6570\u636e\u4fdd\u62a4\u6cd5\uff1a \u8be5\u7f51\u7ad9\u65e0\u9700\u5411\u56fd\u5bb6\u4fe1\u606f\u4e0e\u81ea\u7531\u59d4\u5458\u4f1a (CNIL) \u7533\u62a5\uff0c\u56e0\u4e3a\u5b83\u4e0d\u6536\u96c6\u4efb\u4f55\u6709\u5173\u7528\u6237\u7684\u6570\u636e\u3002 \u6240\u6709\u6743\uff1a \u672c\u7f51\u7ad9\u53ca\u5176\u5305\u542b\u7684\u4fe1\u606f\u53d7\u6cd5\u56fd\u77e5\u8bc6\u4ea7\u6743\u6cd5\u548c\u56fd\u9645\u516c\u7ea6\u7684\u4fdd\u62a4\u3002 \u672a\u7ecf\u51fa\u7248\u5546\u6388\u6743\uff0c\u7981\u6b62\u4f7f\u7528\u3001\u590d\u5236\u3001\u5206\u53d1\u3001\u8425\u9500\u3001\u4fee\u6539 paris-hotel-des-nations-st-germain.com \u7f51\u7ad9\u7684\u5168\u90e8\u6216\u90e8\u5206\u5185\u5bb9\uff0c\u5e76\u53ef\u80fd\u5bfc\u81f4\u7279\u522b\u89c4\u5b9a\u7684\u6cd5\u5f8b\u8bc9\u8bbc\u548c\u8d77\u8bc9\u3002\u7531\u77e5\u8bc6\u4ea7\u6743\u6cd5\u548c\u6c11\u6cd5\u5178\u3002 \u7528\u6237\u88ab\u544a\u77e5\uff0c\u5728\u8bbf\u95ee\u7f51\u7ad9\u671f\u95f4\uff0ccookie \u53ef\u80fd\u4f1a\u81ea\u52a8\u5b89\u88c5\u5728\u5176\u6d4f\u89c8\u5668\u8f6f\u4ef6\u4e0a\u3002 cookie \u662f\u4e00\u79cd\u65e0\u6cd5\u8bc6\u522b\u7528\u6237\u8eab\u4efd\u4f46\u7528\u4e8e\u8bb0\u5f55\u4e0e\u7528\u6237\u5728\u7f51\u7ad9\u4e0a\u5bfc\u822a\u76f8\u5173\u7684\u4fe1\u606f\u7684\u5143\u7d20\u3002\u7528\u6237\u53ef\u4ee5\u901a\u8fc7\u5176\u6d4f\u89c8\u5668\u8f6f\u4ef6\u4e2d\u663e\u793a\u7684\u53c2\u6570\u505c\u7528\u6b64 cookie\u3002 \u6709\u5173 Cookie \u9875\u9762\u7684\u66f4\u591a\u4fe1\u606f\uff1aCookie \u653f\u7b56 \u8054\u7cfb\u5ba2\u6237\u670d\u52a1\u90e8\u540e60\u5929\u5185\u672a\u5f97\u5230\u6ee1\u610f\u7b54\u590d\u540e\uff0c\u6839\u636e\u300a\u6d88\u8d39\u8005\u6cd5\u300b\u7684\u89c4\u5b9a\uff0c\u987e\u5ba2\u6709\u6743\u514d\u8d39\u4f7f\u7528\u6211\u4eec\u9152\u5e97\u63d0\u4f9b\u7684\u8c03\u89e3\u670d\u52a1\u3002\u62df\u8bae\u7684\u6d88\u8d39\u8005\u8c03\u89e3\u5458\u662f AME\u3002 \u53ef\u4ee5\u8f93\u5165\uff1a &#8211; \u901a\u8fc7\u4e92\u8054\u7f51\uff1awww.mediationconso-ame.com\uff1b &#8211; \u6216\u90ae\u5bc4\uff08\u586b\u5199\u7f51\u7ad9\u4e0a\u63d0\u4f9b\u7684\u8868\u683c\uff09\uff1a\u6d88\u8d39\u8005\u8c03\u89e3 AME- 197 Boulevard Saint-Germain &#8211; 75007 PARIS \u00bb \u8981\u505c\u6b62\u63a5\u6536\u672a\u7ecf\u8bf7\u6c42\u7684\u5546\u4e1a\u7535\u8bdd\uff0c\u60a8\u53ef\u4ee5\u8ba2\u9605 Bloctel<a href=\"https:\/\/www.paris-hotel-des-nations-st-germain.com\/zh-hans\/%e6%b3%95%e5%be%8b%e5%a3%b0%e6%98%8e\/\" class=\"\" rel=\"bookmark\">\u9605\u8bfb\u66f4\u591a &raquo;<span class=\"screen-reader-text\">\u6cd5\u5f8b\u58f0\u660e<\/span><\/a><\/p>\n","protected":false},"author":1,"featured_media":0,"parent":0,"menu_order":0,"comment_status":"closed","ping_status":"closed","template":"page-templates\/template-pagebuilder-full-width.php","meta":{"neve_meta_sidebar":"full-width","neve_meta_container":"","neve_meta_enable_content_width":"on","neve_meta_content_width":100,"neve_meta_title_alignment":"","neve_meta_author_avatar":"","neve_post_elements_order":"","neve_meta_disable_header":"","neve_meta_disable_footer":"","neve_meta_disable_title":"on","footnotes":""},"class_list":["post-1598","page","type-page","status-publish","hentry"],"_links":{"self":[{"href":"https:\/\/www.paris-hotel-des-nations-st-germain.com\/zh-hans\/wp-json\/wp\/v2\/pages\/1598","targetHints":{"allow":["GET"]}}],"collection":[{"href":"https:\/\/www.paris-hotel-des-nations-st-germain.com\/zh-hans\/wp-json\/wp\/v2\/pages"}],"about":[{"href":"https:\/\/www.paris-hotel-des-nations-st-germain.com\/zh-hans\/wp-json\/wp\/v2\/types\/page"}],"author":[{"embeddable":true,"href":"https:\/\/www.paris-hotel-des-nations-st-germain.com\/zh-hans\/wp-json\/wp\/v2\/users\/1"}],"replies":[{"embeddable":true,"href":"https:\/\/www.paris-hotel-des-nations-st-germain.com\/zh-hans\/wp-json\/wp\/v2\/comments?post=1598"}],"version-history":[{"count":2,"href":"https:\/\/www.paris-hotel-des-nations-st-germain.com\/zh-hans\/wp-json\/wp\/v2\/pages\/1598\/revisions"}],"predecessor-version":[{"id":7509,"href":"https:\/\/www.paris-hotel-des-nations-st-germain.com\/zh-hans\/wp-json\/wp\/v2\/pages\/1598\/revisions\/7509"}],"wp:attachment":[{"href":"https:\/\/www.paris-hotel-des-nations-st-germain.com\/zh-hans\/wp-json\/wp\/v2\/media?parent=1598"}],"curies":[{"name":"wp","href":"https:\/\/api.w.org\/{rel}","templated":true}]}}